{"id":1273,"date":"2024-11-22T15:52:47","date_gmt":"2024-11-22T14:52:47","guid":{"rendered":"https:\/\/vinlada-staging.vinonista.com\/under-20-aar\/"},"modified":"2025-02-26T10:05:58","modified_gmt":"2025-02-26T09:05:58","slug":"under-20-aar","status":"publish","type":"page","link":"https:\/\/vinlada-staging.vinonista.com\/da\/under-20-aar\/","title":{"rendered":"Under 20 \u00e5r"},"content":{"rendered":"\t\t<div data-elementor-type=\"wp-page\" data-elementor-id=\"1273\" class=\"elementor elementor-1273 elementor-484\" data-elementor-post-type=\"page\">\n\t\t\t\t<div class=\"elementor-element elementor-element-eca7025 e-flex e-con-boxed wpr-particle-no wpr-jarallax-no wpr-parallax-no wpr-sticky-section-no e-con e-parent\" data-id=\"eca7025\" data-element_type=\"container\">\n\t\t\t\t\t<div class=\"e-con-inner\">\n\t\t\t\t<div class=\"elementor-element elementor-element-ab6441b elementor-widget elementor-widget-text-editor\" data-id=\"ab6441b\" data-element_type=\"widget\" data-widget_type=\"text-editor.default\">\n\t\t\t\t<div class=\"elementor-widget-container\">\n\t\t\t\t\t\t\t\t\tVi er kede af, at vi ikke kan lukke dig ind p\u00e5 hjemmesiden, men vi gl\u00e6der os til at se dig igen, n\u00e5r du fylder 20!\t\t\t\t\t\t\t\t<\/div>\n\t\t\t\t<\/div>\n\t\t\t\t\t<\/div>\n\t\t\t\t<\/div>\n\t\t\t\t<\/div>\n\t\t","protected":false},"excerpt":{"rendered":"<p>Vi er kede af, at vi ikke kan lukke dig ind p\u00e5 hjemmesiden, men vi gl\u00e6der os til at se dig igen, n\u00e5r du fylder 20!<\/p>\n","protected":false},"author":1,"featured_media":0,"parent":0,"menu_order":0,"comment_status":"closed","ping_status":"closed","template":"","meta":{"_acf_changed":false,"footnotes":""},"class_list":["post-1273","page","type-page","status-publish","hentry"],"acf":[],"_links":{"self":[{"href":"https:\/\/vinlada-staging.vinonista.com\/da\/wp-json\/wp\/v2\/pages\/1273","targetHints":{"allow":["GET"]}}],"collection":[{"href":"https:\/\/vinlada-staging.vinonista.com\/da\/wp-json\/wp\/v2\/pages"}],"about":[{"href":"https:\/\/vinlada-staging.vinonista.com\/da\/wp-json\/wp\/v2\/types\/page"}],"author":[{"embeddable":true,"href":"https:\/\/vinlada-staging.vinonista.com\/da\/wp-json\/wp\/v2\/users\/1"}],"replies":[{"embeddable":true,"href":"https:\/\/vinlada-staging.vinonista.com\/da\/wp-json\/wp\/v2\/comments?post=1273"}],"version-history":[{"count":1,"href":"https:\/\/vinlada-staging.vinonista.com\/da\/wp-json\/wp\/v2\/pages\/1273\/revisions"}],"predecessor-version":[{"id":1274,"href":"https:\/\/vinlada-staging.vinonista.com\/da\/wp-json\/wp\/v2\/pages\/1273\/revisions\/1274"}],"wp:attachment":[{"href":"https:\/\/vinlada-staging.vinonista.com\/da\/wp-json\/wp\/v2\/media?parent=1273"}],"curies":[{"name":"wp","href":"https:\/\/api.w.org\/{rel}","templated":true}]}}